{"id":20,"date":"2021-02-26T11:40:42","date_gmt":"2021-02-26T10:40:42","guid":{"rendered":"https:\/\/noleggiodavideobeach.it\/de\/?page_id=20"},"modified":"2022-07-25T07:41:06","modified_gmt":"2022-07-25T05:41:06","slug":"wasserspiele-tropea-capo-vaticano","status":"publish","type":"page","link":"https:\/\/noleggiodavideobeach.it\/de\/wasserspiele-tropea-capo-vaticano\/","title":{"rendered":"Wasserspiele"},"content":{"rendered":"<p>Der Spa\u00df im kristallklaren Wasser von Tropea, Zambrone und Capo Vaticano ist garantiert<\/p>\n<p>Lass dich bei einem unserer Wasserspiele in Tropea &#8211; Baia di Riaci vom starken Adrenalin mitrei\u00dfen. Du wirst einen der besten Momente deines Urlaubs an der Costa degli Dei verbringen!!!<\/p>\n<p>W\u00e4hrend wir auf den Wellen reiten werden, musst du versuchen gut im Sattel zu bleiben \ud83d\ude01\u2026.<br \/>\nNat\u00fcrlich gibt es auch Platz f\u00fcr deine Kinder, die in absoluter Sicherheit Spa\u00df haben k\u00f6nnen. Du bekommst von uns eine Schwimmjacke. Au\u00dferdem werden unsere Mitarbeiter w\u00e4hrend der Tour wachsam sein und dir aus dem Wasser helfen, solltest du hineinfallen, um die Tour fortsetzen zu k\u00f6nnen. <\/p>\n<p>Wir machen auch ein Erinnerungsfoto (kostenlos und optional), das du dann auf unseren Instagram- und Facebook-Seiten finden kannst.<\/p>\n<h2>\ud83d\udea4 <a href=\"https:\/\/noleggiodavideobeach.it\/de\/bootvermietung-tropea-baia-di-riaci\/08-barca-adrenaline\/\">Adrenalin Boot<\/a><\/h2>\n<p>\ud83d\udfe0 Allgemeine Gesch\u00e4ftsbedingungen<br \/>\n\u2705 Stornierung 15 Tage im Voraus mit 100% R\u00fcckerstattung.<br \/>\n\u2705 Bei ung\u00fcnstigen Meeres Wetterbedingungen wird die Tour mit einer 100% igen R\u00fcckerstattung abgesagt oder auf den ersten verf\u00fcgbaren Termin verschoben<\/p>\n","protected":false},"excerpt":{"rendered":"<p>Der Spa\u00df im kristallklaren Wasser von Tropea, Zambrone und Capo Vaticano ist garantiert Lass dich bei einem unserer Wasserspiele in Tropea &#8211; Baia di Riaci vom starken Adrenalin mitrei\u00dfen. Du wirst einen der besten Momente deines Urlaubs an der Costa degli Dei verbringen!!! W\u00e4hrend wir auf den Wellen reiten werden, musst du versuchen gut im [&hellip;]<\/p>\n","protected":false},"author":1,"featured_media":47,"parent":0,"menu_order":0,"comment_status":"closed","ping_status":"closed","template":"page-giochi.php","meta":{"_acf_changed":false,"footnotes":""},"class_list":["post-20","page","type-page","status-publish","has-post-thumbnail","hentry"],"acf":[],"yoast_head":"<!-- This site is optimized with the Yoast SEO plugin v27.3 - https:\/\/yoast.com\/product\/yoast-seo-wordpress\/ -->\n<title>Tropea Wasserspiele - Baia di Riaci, Capo Vaticano, Ricadi<\/title>\n<meta name=\"robots\" content=\"index, follow, max-snippet:-1, max-image-preview:large, max-video-preview:-1\" \/>\n<link rel=\"canonical\" href=\"https:\/\/noleggiodavideobeach.it\/de\/wasserspiele-tropea-capo-vaticano\/\" \/>\n<meta property=\"og:locale\" content=\"it_IT\" \/>\n<meta property=\"og:type\" content=\"article\" \/>\n<meta property=\"og:title\" content=\"Tropea Wasserspiele - Baia di Riaci, Capo Vaticano, Ricadi\" \/>\n<meta property=\"og:description\" content=\"Der Spa\u00df im kristallklaren Wasser von Tropea, Zambrone und Capo Vaticano ist garantiert Lass dich bei einem unserer Wasserspiele in Tropea &#8211; Baia di Riaci vom starken Adrenalin mitrei\u00dfen. Du wirst einen der besten Momente deines Urlaubs an der Costa degli Dei verbringen!!! W\u00e4hrend wir auf den Wellen reiten werden, musst du versuchen gut im [&hellip;]\" \/>\n<meta property=\"og:url\" content=\"https:\/\/noleggiodavideobeach.it\/de\/wasserspiele-tropea-capo-vaticano\/\" \/>\n<meta property=\"og:site_name\" content=\"DAVIDEO BEACH\" \/>\n<meta property=\"article:modified_time\" content=\"2022-07-25T05:41:06+00:00\" \/>\n<meta property=\"og:image\" content=\"https:\/\/noleggiodavideobeach.it\/de\/wp-content\/uploads\/2021\/03\/Davideo-Beach-Baia-di-Riaci-cover-2.jpg\" \/>\n\t<meta property=\"og:image:width\" content=\"1200\" \/>\n\t<meta property=\"og:image:height\" content=\"576\" \/>\n\t<meta property=\"og:image:type\" content=\"image\/jpeg\" \/>\n<meta name=\"twitter:card\" content=\"summary_large_image\" \/>\n<meta name=\"twitter:label1\" content=\"Tempo di lettura stimato\" \/>\n\t<meta name=\"twitter:data1\" content=\"1 minuto\" \/>\n<script type=\"application\/ld+json\" class=\"yoast-schema-graph\">{\"@context\":\"https:\\\/\\\/schema.org\",\"@graph\":[{\"@type\":\"WebPage\",\"@id\":\"https:\\\/\\\/noleggiodavideobeach.it\\\/de\\\/wasserspiele-tropea-capo-vaticano\\\/\",\"url\":\"https:\\\/\\\/noleggiodavideobeach.it\\\/de\\\/wasserspiele-tropea-capo-vaticano\\\/\",\"name\":\"Tropea Wasserspiele - Baia di Riaci, Capo Vaticano, Ricadi\",\"isPartOf\":{\"@id\":\"https:\\\/\\\/noleggiodavideobeach.it\\\/de\\\/#website\"},\"primaryImageOfPage\":{\"@id\":\"https:\\\/\\\/noleggiodavideobeach.it\\\/de\\\/wasserspiele-tropea-capo-vaticano\\\/#primaryimage\"},\"image\":{\"@id\":\"https:\\\/\\\/noleggiodavideobeach.it\\\/de\\\/wasserspiele-tropea-capo-vaticano\\\/#primaryimage\"},\"thumbnailUrl\":\"https:\\\/\\\/noleggiodavideobeach.it\\\/de\\\/wp-content\\\/uploads\\\/2021\\\/03\\\/Davideo-Beach-Baia-di-Riaci-cover-2.jpg\",\"datePublished\":\"2021-02-26T10:40:42+00:00\",\"dateModified\":\"2022-07-25T05:41:06+00:00\",\"breadcrumb\":{\"@id\":\"https:\\\/\\\/noleggiodavideobeach.it\\\/de\\\/wasserspiele-tropea-capo-vaticano\\\/#breadcrumb\"},\"inLanguage\":\"it-IT\",\"potentialAction\":[{\"@type\":\"ReadAction\",\"target\":[\"https:\\\/\\\/noleggiodavideobeach.it\\\/de\\\/wasserspiele-tropea-capo-vaticano\\\/\"]}]},{\"@type\":\"ImageObject\",\"inLanguage\":\"it-IT\",\"@id\":\"https:\\\/\\\/noleggiodavideobeach.it\\\/de\\\/wasserspiele-tropea-capo-vaticano\\\/#primaryimage\",\"url\":\"https:\\\/\\\/noleggiodavideobeach.it\\\/de\\\/wp-content\\\/uploads\\\/2021\\\/03\\\/Davideo-Beach-Baia-di-Riaci-cover-2.jpg\",\"contentUrl\":\"https:\\\/\\\/noleggiodavideobeach.it\\\/de\\\/wp-content\\\/uploads\\\/2021\\\/03\\\/Davideo-Beach-Baia-di-Riaci-cover-2.jpg\",\"width\":1200,\"height\":576},{\"@type\":\"BreadcrumbList\",\"@id\":\"https:\\\/\\\/noleggiodavideobeach.it\\\/de\\\/wasserspiele-tropea-capo-vaticano\\\/#breadcrumb\",\"itemListElement\":[{\"@type\":\"ListItem\",\"position\":1,\"name\":\"Home\",\"item\":\"https:\\\/\\\/noleggiodavideobeach.it\\\/de\\\/\"},{\"@type\":\"ListItem\",\"position\":2,\"name\":\"Wasserspiele\"}]},{\"@type\":\"WebSite\",\"@id\":\"https:\\\/\\\/noleggiodavideobeach.it\\\/de\\\/#website\",\"url\":\"https:\\\/\\\/noleggiodavideobeach.it\\\/de\\\/\",\"name\":\"DAVIDEO BEACH\",\"description\":\"Un nuovo sito targato WordPress\",\"publisher\":{\"@id\":\"https:\\\/\\\/noleggiodavideobeach.it\\\/de\\\/#organization\"},\"potentialAction\":[{\"@type\":\"SearchAction\",\"target\":{\"@type\":\"EntryPoint\",\"urlTemplate\":\"https:\\\/\\\/noleggiodavideobeach.it\\\/de\\\/?s={search_term_string}\"},\"query-input\":{\"@type\":\"PropertyValueSpecification\",\"valueRequired\":true,\"valueName\":\"search_term_string\"}}],\"inLanguage\":\"it-IT\"},{\"@type\":\"Organization\",\"@id\":\"https:\\\/\\\/noleggiodavideobeach.it\\\/de\\\/#organization\",\"name\":\"DAVIDEO BEACH\",\"url\":\"https:\\\/\\\/noleggiodavideobeach.it\\\/de\\\/\",\"logo\":{\"@type\":\"ImageObject\",\"inLanguage\":\"it-IT\",\"@id\":\"https:\\\/\\\/noleggiodavideobeach.it\\\/de\\\/#\\\/schema\\\/logo\\\/image\\\/\",\"url\":\"https:\\\/\\\/noleggiodavideobeach.it\\\/de\\\/wp-content\\\/uploads\\\/2021\\\/04\\\/Davideo-Beach-logo-deusch.png\",\"contentUrl\":\"https:\\\/\\\/noleggiodavideobeach.it\\\/de\\\/wp-content\\\/uploads\\\/2021\\\/04\\\/Davideo-Beach-logo-deusch.png\",\"width\":300,\"height\":120,\"caption\":\"DAVIDEO BEACH\"},\"image\":{\"@id\":\"https:\\\/\\\/noleggiodavideobeach.it\\\/de\\\/#\\\/schema\\\/logo\\\/image\\\/\"}}]}<\/script>\n<!-- \/ Yoast SEO plugin. -->","yoast_head_json":{"title":"Tropea Wasserspiele - Baia di Riaci, Capo Vaticano, Ricadi","robots":{"index":"index","follow":"follow","max-snippet":"max-snippet:-1","max-image-preview":"max-image-preview:large","max-video-preview":"max-video-preview:-1"},"canonical":"https:\/\/noleggiodavideobeach.it\/de\/wasserspiele-tropea-capo-vaticano\/","og_locale":"it_IT","og_type":"article","og_title":"Tropea Wasserspiele - Baia di Riaci, Capo Vaticano, Ricadi","og_description":"Der Spa\u00df im kristallklaren Wasser von Tropea, Zambrone und Capo Vaticano ist garantiert Lass dich bei einem unserer Wasserspiele in Tropea &#8211; Baia di Riaci vom starken Adrenalin mitrei\u00dfen. Du wirst einen der besten Momente deines Urlaubs an der Costa degli Dei verbringen!!! W\u00e4hrend wir auf den Wellen reiten werden, musst du versuchen gut im [&hellip;]","og_url":"https:\/\/noleggiodavideobeach.it\/de\/wasserspiele-tropea-capo-vaticano\/","og_site_name":"DAVIDEO BEACH","article_modified_time":"2022-07-25T05:41:06+00:00","og_image":[{"width":1200,"height":576,"url":"https:\/\/noleggiodavideobeach.it\/de\/wp-content\/uploads\/2021\/03\/Davideo-Beach-Baia-di-Riaci-cover-2.jpg","type":"image\/jpeg"}],"twitter_card":"summary_large_image","twitter_misc":{"Tempo di lettura stimato":"1 minuto"},"schema":{"@context":"https:\/\/schema.org","@graph":[{"@type":"WebPage","@id":"https:\/\/noleggiodavideobeach.it\/de\/wasserspiele-tropea-capo-vaticano\/","url":"https:\/\/noleggiodavideobeach.it\/de\/wasserspiele-tropea-capo-vaticano\/","name":"Tropea Wasserspiele - Baia di Riaci, Capo Vaticano, Ricadi","isPartOf":{"@id":"https:\/\/noleggiodavideobeach.it\/de\/#website"},"primaryImageOfPage":{"@id":"https:\/\/noleggiodavideobeach.it\/de\/wasserspiele-tropea-capo-vaticano\/#primaryimage"},"image":{"@id":"https:\/\/noleggiodavideobeach.it\/de\/wasserspiele-tropea-capo-vaticano\/#primaryimage"},"thumbnailUrl":"https:\/\/noleggiodavideobeach.it\/de\/wp-content\/uploads\/2021\/03\/Davideo-Beach-Baia-di-Riaci-cover-2.jpg","datePublished":"2021-02-26T10:40:42+00:00","dateModified":"2022-07-25T05:41:06+00:00","breadcrumb":{"@id":"https:\/\/noleggiodavideobeach.it\/de\/wasserspiele-tropea-capo-vaticano\/#breadcrumb"},"inLanguage":"it-IT","potentialAction":[{"@type":"ReadAction","target":["https:\/\/noleggiodavideobeach.it\/de\/wasserspiele-tropea-capo-vaticano\/"]}]},{"@type":"ImageObject","inLanguage":"it-IT","@id":"https:\/\/noleggiodavideobeach.it\/de\/wasserspiele-tropea-capo-vaticano\/#primaryimage","url":"https:\/\/noleggiodavideobeach.it\/de\/wp-content\/uploads\/2021\/03\/Davideo-Beach-Baia-di-Riaci-cover-2.jpg","contentUrl":"https:\/\/noleggiodavideobeach.it\/de\/wp-content\/uploads\/2021\/03\/Davideo-Beach-Baia-di-Riaci-cover-2.jpg","width":1200,"height":576},{"@type":"BreadcrumbList","@id":"https:\/\/noleggiodavideobeach.it\/de\/wasserspiele-tropea-capo-vaticano\/#breadcrumb","itemListElement":[{"@type":"ListItem","position":1,"name":"Home","item":"https:\/\/noleggiodavideobeach.it\/de\/"},{"@type":"ListItem","position":2,"name":"Wasserspiele"}]},{"@type":"WebSite","@id":"https:\/\/noleggiodavideobeach.it\/de\/#website","url":"https:\/\/noleggiodavideobeach.it\/de\/","name":"DAVIDEO BEACH","description":"Un nuovo sito targato WordPress","publisher":{"@id":"https:\/\/noleggiodavideobeach.it\/de\/#organization"},"potentialAction":[{"@type":"SearchAction","target":{"@type":"EntryPoint","urlTemplate":"https:\/\/noleggiodavideobeach.it\/de\/?s={search_term_string}"},"query-input":{"@type":"PropertyValueSpecification","valueRequired":true,"valueName":"search_term_string"}}],"inLanguage":"it-IT"},{"@type":"Organization","@id":"https:\/\/noleggiodavideobeach.it\/de\/#organization","name":"DAVIDEO BEACH","url":"https:\/\/noleggiodavideobeach.it\/de\/","logo":{"@type":"ImageObject","inLanguage":"it-IT","@id":"https:\/\/noleggiodavideobeach.it\/de\/#\/schema\/logo\/image\/","url":"https:\/\/noleggiodavideobeach.it\/de\/wp-content\/uploads\/2021\/04\/Davideo-Beach-logo-deusch.png","contentUrl":"https:\/\/noleggiodavideobeach.it\/de\/wp-content\/uploads\/2021\/04\/Davideo-Beach-logo-deusch.png","width":300,"height":120,"caption":"DAVIDEO BEACH"},"image":{"@id":"https:\/\/noleggiodavideobeach.it\/de\/#\/schema\/logo\/image\/"}}]}},"_links":{"self":[{"href":"https:\/\/noleggiodavideobeach.it\/de\/wp-json\/wp\/v2\/pages\/20","targetHints":{"allow":["GET"]}}],"collection":[{"href":"https:\/\/noleggiodavideobeach.it\/de\/wp-json\/wp\/v2\/pages"}],"about":[{"href":"https:\/\/noleggiodavideobeach.it\/de\/wp-json\/wp\/v2\/types\/page"}],"author":[{"embeddable":true,"href":"https:\/\/noleggiodavideobeach.it\/de\/wp-json\/wp\/v2\/users\/1"}],"replies":[{"embeddable":true,"href":"https:\/\/noleggiodavideobeach.it\/de\/wp-json\/wp\/v2\/comments?post=20"}],"version-history":[{"count":17,"href":"https:\/\/noleggiodavideobeach.it\/de\/wp-json\/wp\/v2\/pages\/20\/revisions"}],"predecessor-version":[{"id":369,"href":"https:\/\/noleggiodavideobeach.it\/de\/wp-json\/wp\/v2\/pages\/20\/revisions\/369"}],"wp:featuredmedia":[{"embeddable":true,"href":"https:\/\/noleggiodavideobeach.it\/de\/wp-json\/wp\/v2\/media\/47"}],"wp:attachment":[{"href":"https:\/\/noleggiodavideobeach.it\/de\/wp-json\/wp\/v2\/media?parent=20"}],"curies":[{"name":"wp","href":"https:\/\/api.w.org\/{rel}","templated":true}]}}