{"id":2,"date":"2021-02-18T16:19:24","date_gmt":"2021-02-18T15:19:24","guid":{"rendered":"https:\/\/noleggiodavideobeach.it\/de\/?page_id=2"},"modified":"2021-05-03T15:57:46","modified_gmt":"2021-05-03T13:57:46","slug":"vermietung-tropea-baia-di-riaci","status":"publish","type":"page","link":"https:\/\/noleggiodavideobeach.it\/de\/vermietung-tropea-baia-di-riaci\/","title":{"rendered":"Vermietung"},"content":{"rendered":"<h2 style=\"text-align: center;\"><span style=\"color: #ff0000; font-size: 22px;\"><strong>Boot- und Schlauchbootverleih 40 PS (ohne Bootsf\u00fchrerschein) &#8211; Tropea &#8211; Baia di Riaci<\/strong><\/span><\/h2>\n<p>Wir befinden uns am zentralen Punkt der Costa Degli Dei, in der herrlichen Bucht von Riaci, nur einen Steinwurf von Tropea entfernt. Von hier aus kannst du dich ganz einfach in Richtung Capo Vaticano, Tropea, Zambrone und Sant&#8217;Irene bewegen, wo du die Sch\u00f6nheit der K\u00fcste  bewundern kannst. Au\u00dferdem wirst du unber\u00fchrte Orte vorfinden, die man nur mit dem Boot erreichen kann.<\/p>\n<p>DAVIDEO BEACH bietet dir die M\u00f6glichkeit, f\u00fcr einen halben oder ganzen Tag eines der verschiedenen Boote, mit 5 bis zu 10 Sitzpl\u00e4tzen, zu mieten. Diese kannst du auf einfache und autonome Weise fahren, auch wenn es dein erstes Mal ist.<\/p>\n<p>Bevor du losf\u00e4hrst, geben dir unsere Mitarbeiter eine kurze Einf\u00fchrung des Bootes und der auf See zu beachtenden Regeln, somit kannst du sicher loslegen. Alle Boote werden vor jedem Start desinfiziert. An Bord findest du die n\u00f6tige Sicherheitsausr\u00fcstung. Wir stellen dir auch eine detaillierte Karte der K\u00fcste zur Verf\u00fcgung, damit du deinen Tag auf dem Boot in vollen Z\u00fcgen genie\u00dfen kannst.<\/p>\n<p><strong>\u2714 W\u00e4hle das Boot, das zu dir passt<\/strong><\/p>\n<p>\ud83d\udfe0 Allgemeine Gesch\u00e4ftsbedingungen<br \/>\n\u2705 Stornierung 15 Tage im Voraus mit 100% R\u00fcckerstattung<br \/>\n\u2705 Bei ung\u00fcnstigen Meeres Wetterbedingungen wird die Miete mit einer 100% igen R\u00fcckerstattung storniert oder auf den ersten verf\u00fcgbaren Termin verschoben<br \/>\n\u2705 was du ben\u00f6tigst, um ein Boot zu mieten:<br \/>\n\u2714 18 Jahre alt<br \/>\n\u2714 Lichtbildausweis<br \/>\n\u2714 400,00 \u20ac Kaution (Bargeld oder Kreditkarte)<\/p>\n","protected":false},"excerpt":{"rendered":"<p>Boot- und Schlauchbootverleih 40 PS (ohne Bootsf\u00fchrerschein) &#8211; Tropea &#8211; Baia di Riaci Wir befinden uns am zentralen Punkt der Costa Degli Dei, in der herrlichen Bucht von Riaci, nur einen Steinwurf von Tropea entfernt. Von hier aus kannst du dich ganz einfach in Richtung Capo Vaticano, Tropea, Zambrone und Sant&#8217;Irene bewegen, wo du die [&hellip;]<\/p>\n","protected":false},"author":1,"featured_media":30,"parent":0,"menu_order":0,"comment_status":"closed","ping_status":"closed","template":"page-noleggio.php","meta":{"_acf_changed":false,"footnotes":""},"class_list":["post-2","page","type-page","status-publish","has-post-thumbnail","hentry"],"acf":[],"yoast_head":"<!-- This site is optimized with the Yoast SEO plugin v27.3 - https:\/\/yoast.com\/product\/yoast-seo-wordpress\/ -->\n<title>Tropea Bootsverleih - Baia di Riaci - Calabria<\/title>\n<meta name=\"robots\" content=\"index, follow, max-snippet:-1, max-image-preview:large, max-video-preview:-1\" \/>\n<link rel=\"canonical\" href=\"https:\/\/noleggiodavideobeach.it\/de\/vermietung-tropea-baia-di-riaci\/\" \/>\n<meta property=\"og:locale\" content=\"it_IT\" \/>\n<meta property=\"og:type\" content=\"article\" \/>\n<meta property=\"og:title\" content=\"Tropea Bootsverleih - Baia di Riaci - Calabria\" \/>\n<meta property=\"og:description\" content=\"Boot- und Schlauchbootverleih 40 PS (ohne Bootsf\u00fchrerschein) &#8211; Tropea &#8211; Baia di Riaci Wir befinden uns am zentralen Punkt der Costa Degli Dei, in der herrlichen Bucht von Riaci, nur einen Steinwurf von Tropea entfernt. Von hier aus kannst du dich ganz einfach in Richtung Capo Vaticano, Tropea, Zambrone und Sant&#8217;Irene bewegen, wo du die [&hellip;]\" \/>\n<meta property=\"og:url\" content=\"https:\/\/noleggiodavideobeach.it\/de\/vermietung-tropea-baia-di-riaci\/\" \/>\n<meta property=\"og:site_name\" content=\"DAVIDEO BEACH\" \/>\n<meta property=\"article:modified_time\" content=\"2021-05-03T13:57:46+00:00\" \/>\n<meta property=\"og:image\" content=\"https:\/\/noleggiodavideobeach.it\/de\/wp-content\/uploads\/2021\/03\/Noleggio.jpg\" \/>\n\t<meta property=\"og:image:width\" content=\"400\" \/>\n\t<meta property=\"og:image:height\" content=\"300\" \/>\n\t<meta property=\"og:image:type\" content=\"image\/jpeg\" \/>\n<meta name=\"twitter:card\" content=\"summary_large_image\" \/>\n<meta name=\"twitter:label1\" content=\"Tempo di lettura stimato\" \/>\n\t<meta name=\"twitter:data1\" content=\"1 minuto\" \/>\n<script type=\"application\/ld+json\" class=\"yoast-schema-graph\">{\"@context\":\"https:\\\/\\\/schema.org\",\"@graph\":[{\"@type\":\"WebPage\",\"@id\":\"https:\\\/\\\/noleggiodavideobeach.it\\\/de\\\/vermietung-tropea-baia-di-riaci\\\/\",\"url\":\"https:\\\/\\\/noleggiodavideobeach.it\\\/de\\\/vermietung-tropea-baia-di-riaci\\\/\",\"name\":\"Tropea Bootsverleih - Baia di Riaci - Calabria\",\"isPartOf\":{\"@id\":\"https:\\\/\\\/noleggiodavideobeach.it\\\/de\\\/#website\"},\"primaryImageOfPage\":{\"@id\":\"https:\\\/\\\/noleggiodavideobeach.it\\\/de\\\/vermietung-tropea-baia-di-riaci\\\/#primaryimage\"},\"image\":{\"@id\":\"https:\\\/\\\/noleggiodavideobeach.it\\\/de\\\/vermietung-tropea-baia-di-riaci\\\/#primaryimage\"},\"thumbnailUrl\":\"https:\\\/\\\/noleggiodavideobeach.it\\\/de\\\/wp-content\\\/uploads\\\/2021\\\/03\\\/Noleggio.jpg\",\"datePublished\":\"2021-02-18T15:19:24+00:00\",\"dateModified\":\"2021-05-03T13:57:46+00:00\",\"breadcrumb\":{\"@id\":\"https:\\\/\\\/noleggiodavideobeach.it\\\/de\\\/vermietung-tropea-baia-di-riaci\\\/#breadcrumb\"},\"inLanguage\":\"it-IT\",\"potentialAction\":[{\"@type\":\"ReadAction\",\"target\":[\"https:\\\/\\\/noleggiodavideobeach.it\\\/de\\\/vermietung-tropea-baia-di-riaci\\\/\"]}]},{\"@type\":\"ImageObject\",\"inLanguage\":\"it-IT\",\"@id\":\"https:\\\/\\\/noleggiodavideobeach.it\\\/de\\\/vermietung-tropea-baia-di-riaci\\\/#primaryimage\",\"url\":\"https:\\\/\\\/noleggiodavideobeach.it\\\/de\\\/wp-content\\\/uploads\\\/2021\\\/03\\\/Noleggio.jpg\",\"contentUrl\":\"https:\\\/\\\/noleggiodavideobeach.it\\\/de\\\/wp-content\\\/uploads\\\/2021\\\/03\\\/Noleggio.jpg\",\"width\":400,\"height\":300},{\"@type\":\"BreadcrumbList\",\"@id\":\"https:\\\/\\\/noleggiodavideobeach.it\\\/de\\\/vermietung-tropea-baia-di-riaci\\\/#breadcrumb\",\"itemListElement\":[{\"@type\":\"ListItem\",\"position\":1,\"name\":\"Home\",\"item\":\"https:\\\/\\\/noleggiodavideobeach.it\\\/de\\\/\"},{\"@type\":\"ListItem\",\"position\":2,\"name\":\"Vermietung\"}]},{\"@type\":\"WebSite\",\"@id\":\"https:\\\/\\\/noleggiodavideobeach.it\\\/de\\\/#website\",\"url\":\"https:\\\/\\\/noleggiodavideobeach.it\\\/de\\\/\",\"name\":\"DAVIDEO BEACH\",\"description\":\"Un nuovo sito targato WordPress\",\"publisher\":{\"@id\":\"https:\\\/\\\/noleggiodavideobeach.it\\\/de\\\/#organization\"},\"potentialAction\":[{\"@type\":\"SearchAction\",\"target\":{\"@type\":\"EntryPoint\",\"urlTemplate\":\"https:\\\/\\\/noleggiodavideobeach.it\\\/de\\\/?s={search_term_string}\"},\"query-input\":{\"@type\":\"PropertyValueSpecification\",\"valueRequired\":true,\"valueName\":\"search_term_string\"}}],\"inLanguage\":\"it-IT\"},{\"@type\":\"Organization\",\"@id\":\"https:\\\/\\\/noleggiodavideobeach.it\\\/de\\\/#organization\",\"name\":\"DAVIDEO BEACH\",\"url\":\"https:\\\/\\\/noleggiodavideobeach.it\\\/de\\\/\",\"logo\":{\"@type\":\"ImageObject\",\"inLanguage\":\"it-IT\",\"@id\":\"https:\\\/\\\/noleggiodavideobeach.it\\\/de\\\/#\\\/schema\\\/logo\\\/image\\\/\",\"url\":\"https:\\\/\\\/noleggiodavideobeach.it\\\/de\\\/wp-content\\\/uploads\\\/2021\\\/04\\\/Davideo-Beach-logo-deusch.png\",\"contentUrl\":\"https:\\\/\\\/noleggiodavideobeach.it\\\/de\\\/wp-content\\\/uploads\\\/2021\\\/04\\\/Davideo-Beach-logo-deusch.png\",\"width\":300,\"height\":120,\"caption\":\"DAVIDEO BEACH\"},\"image\":{\"@id\":\"https:\\\/\\\/noleggiodavideobeach.it\\\/de\\\/#\\\/schema\\\/logo\\\/image\\\/\"}}]}<\/script>\n<!-- \/ Yoast SEO plugin. -->","yoast_head_json":{"title":"Tropea Bootsverleih - Baia di Riaci - Calabria","robots":{"index":"index","follow":"follow","max-snippet":"max-snippet:-1","max-image-preview":"max-image-preview:large","max-video-preview":"max-video-preview:-1"},"canonical":"https:\/\/noleggiodavideobeach.it\/de\/vermietung-tropea-baia-di-riaci\/","og_locale":"it_IT","og_type":"article","og_title":"Tropea Bootsverleih - Baia di Riaci - Calabria","og_description":"Boot- und Schlauchbootverleih 40 PS (ohne Bootsf\u00fchrerschein) &#8211; Tropea &#8211; Baia di Riaci Wir befinden uns am zentralen Punkt der Costa Degli Dei, in der herrlichen Bucht von Riaci, nur einen Steinwurf von Tropea entfernt. Von hier aus kannst du dich ganz einfach in Richtung Capo Vaticano, Tropea, Zambrone und Sant&#8217;Irene bewegen, wo du die [&hellip;]","og_url":"https:\/\/noleggiodavideobeach.it\/de\/vermietung-tropea-baia-di-riaci\/","og_site_name":"DAVIDEO BEACH","article_modified_time":"2021-05-03T13:57:46+00:00","og_image":[{"width":400,"height":300,"url":"https:\/\/noleggiodavideobeach.it\/de\/wp-content\/uploads\/2021\/03\/Noleggio.jpg","type":"image\/jpeg"}],"twitter_card":"summary_large_image","twitter_misc":{"Tempo di lettura stimato":"1 minuto"},"schema":{"@context":"https:\/\/schema.org","@graph":[{"@type":"WebPage","@id":"https:\/\/noleggiodavideobeach.it\/de\/vermietung-tropea-baia-di-riaci\/","url":"https:\/\/noleggiodavideobeach.it\/de\/vermietung-tropea-baia-di-riaci\/","name":"Tropea Bootsverleih - Baia di Riaci - Calabria","isPartOf":{"@id":"https:\/\/noleggiodavideobeach.it\/de\/#website"},"primaryImageOfPage":{"@id":"https:\/\/noleggiodavideobeach.it\/de\/vermietung-tropea-baia-di-riaci\/#primaryimage"},"image":{"@id":"https:\/\/noleggiodavideobeach.it\/de\/vermietung-tropea-baia-di-riaci\/#primaryimage"},"thumbnailUrl":"https:\/\/noleggiodavideobeach.it\/de\/wp-content\/uploads\/2021\/03\/Noleggio.jpg","datePublished":"2021-02-18T15:19:24+00:00","dateModified":"2021-05-03T13:57:46+00:00","breadcrumb":{"@id":"https:\/\/noleggiodavideobeach.it\/de\/vermietung-tropea-baia-di-riaci\/#breadcrumb"},"inLanguage":"it-IT","potentialAction":[{"@type":"ReadAction","target":["https:\/\/noleggiodavideobeach.it\/de\/vermietung-tropea-baia-di-riaci\/"]}]},{"@type":"ImageObject","inLanguage":"it-IT","@id":"https:\/\/noleggiodavideobeach.it\/de\/vermietung-tropea-baia-di-riaci\/#primaryimage","url":"https:\/\/noleggiodavideobeach.it\/de\/wp-content\/uploads\/2021\/03\/Noleggio.jpg","contentUrl":"https:\/\/noleggiodavideobeach.it\/de\/wp-content\/uploads\/2021\/03\/Noleggio.jpg","width":400,"height":300},{"@type":"BreadcrumbList","@id":"https:\/\/noleggiodavideobeach.it\/de\/vermietung-tropea-baia-di-riaci\/#breadcrumb","itemListElement":[{"@type":"ListItem","position":1,"name":"Home","item":"https:\/\/noleggiodavideobeach.it\/de\/"},{"@type":"ListItem","position":2,"name":"Vermietung"}]},{"@type":"WebSite","@id":"https:\/\/noleggiodavideobeach.it\/de\/#website","url":"https:\/\/noleggiodavideobeach.it\/de\/","name":"DAVIDEO BEACH","description":"Un nuovo sito targato WordPress","publisher":{"@id":"https:\/\/noleggiodavideobeach.it\/de\/#organization"},"potentialAction":[{"@type":"SearchAction","target":{"@type":"EntryPoint","urlTemplate":"https:\/\/noleggiodavideobeach.it\/de\/?s={search_term_string}"},"query-input":{"@type":"PropertyValueSpecification","valueRequired":true,"valueName":"search_term_string"}}],"inLanguage":"it-IT"},{"@type":"Organization","@id":"https:\/\/noleggiodavideobeach.it\/de\/#organization","name":"DAVIDEO BEACH","url":"https:\/\/noleggiodavideobeach.it\/de\/","logo":{"@type":"ImageObject","inLanguage":"it-IT","@id":"https:\/\/noleggiodavideobeach.it\/de\/#\/schema\/logo\/image\/","url":"https:\/\/noleggiodavideobeach.it\/de\/wp-content\/uploads\/2021\/04\/Davideo-Beach-logo-deusch.png","contentUrl":"https:\/\/noleggiodavideobeach.it\/de\/wp-content\/uploads\/2021\/04\/Davideo-Beach-logo-deusch.png","width":300,"height":120,"caption":"DAVIDEO BEACH"},"image":{"@id":"https:\/\/noleggiodavideobeach.it\/de\/#\/schema\/logo\/image\/"}}]}},"_links":{"self":[{"href":"https:\/\/noleggiodavideobeach.it\/de\/wp-json\/wp\/v2\/pages\/2","targetHints":{"allow":["GET"]}}],"collection":[{"href":"https:\/\/noleggiodavideobeach.it\/de\/wp-json\/wp\/v2\/pages"}],"about":[{"href":"https:\/\/noleggiodavideobeach.it\/de\/wp-json\/wp\/v2\/types\/page"}],"author":[{"embeddable":true,"href":"https:\/\/noleggiodavideobeach.it\/de\/wp-json\/wp\/v2\/users\/1"}],"replies":[{"embeddable":true,"href":"https:\/\/noleggiodavideobeach.it\/de\/wp-json\/wp\/v2\/comments?post=2"}],"version-history":[{"count":14,"href":"https:\/\/noleggiodavideobeach.it\/de\/wp-json\/wp\/v2\/pages\/2\/revisions"}],"predecessor-version":[{"id":295,"href":"https:\/\/noleggiodavideobeach.it\/de\/wp-json\/wp\/v2\/pages\/2\/revisions\/295"}],"wp:featuredmedia":[{"embeddable":true,"href":"https:\/\/noleggiodavideobeach.it\/de\/wp-json\/wp\/v2\/media\/30"}],"wp:attachment":[{"href":"https:\/\/noleggiodavideobeach.it\/de\/wp-json\/wp\/v2\/media?parent=2"}],"curies":[{"name":"wp","href":"https:\/\/api.w.org\/{rel}","templated":true}]}}